{"id":693,"date":"2013-06-24T20:34:54","date_gmt":"2013-06-24T20:34:54","guid":{"rendered":"http:\/\/www.jarnascout.se\/?page_id=693"},"modified":"2013-08-13T15:45:28","modified_gmt":"2013-08-13T14:45:28","slug":"info","status":"publish","type":"page","link":"http:\/\/www.jarnascout.se\/?page_id=693","title":{"rendered":"Om"},"content":{"rendered":"<p><img decoding=\"async\" alt=\"\" src=\"http:\/\/www.jarnascout.se\/wp-content\/uploads\/2011\/02\/animlogo.gif\" border=\"0\" \/><\/p>\n<p>J\u00e4rna Scoutk\u00e5r \u00e4r en scoutk\u00e5r i Riksorganisationen Scouterna i S\u00f6dert\u00e4lje kommun.<br \/>\nP\u00e5 dessa sidor hittar du information om evenemang, hajker och andra aktiviteter. Dessutom kan du ta en titt i <a href=\"index.php\/arrangemang\/kalender\">kalendern<\/a> f\u00f6r att se aktuella scoutm\u00f6ten m.m.<\/p>\n<p>Inte scout \u00e4nnu? Titta <a title=\"Anm\u00e4lan\" href=\"http:\/\/www.jarnascout.se\/?page_id=677\">h\u00e4r<\/a> f\u00f6r mer information!<\/p>\n<p>Fr\u00e5gor ang\u00e5ende hemsidan skickas till: <a href=\"mailto:webmaster@jarnascout.se\">webmaster@jarnascout.se<\/a><\/p>\n","protected":false},"excerpt":{"rendered":"<p>J\u00e4rna Scoutk\u00e5r \u00e4r en scoutk\u00e5r i Riksorganisationen Scouterna i S\u00f6dert\u00e4lje kommun. P\u00e5 dessa sidor hittar du information om evenemang, hajker och andra aktiviteter. Dessutom kan du ta en titt i kalendern f\u00f6r att se aktuella scoutm\u00f6ten m.m. Inte scout \u00e4nnu? Titta h\u00e4r f\u00f6r mer information! Fr\u00e5gor ang\u00e5ende hemsidan skickas till: webmaster@jarnascout.se<\/p>\n","protected":false},"author":1,"featured_media":0,"parent":0,"menu_order":0,"comment_status":"open","ping_status":"open","template":"","meta":{"footnotes":""},"class_list":["post-693","page","type-page","status-publish","hentry"],"_links":{"self":[{"href":"http:\/\/www.jarnascout.se\/index.php?rest_route=\/wp\/v2\/pages\/693","targetHints":{"allow":["GET"]}}],"collection":[{"href":"http:\/\/www.jarnascout.se\/index.php?rest_route=\/wp\/v2\/pages"}],"about":[{"href":"http:\/\/www.jarnascout.se\/index.php?rest_route=\/wp\/v2\/types\/page"}],"author":[{"embeddable":true,"href":"http:\/\/www.jarnascout.se\/index.php?rest_route=\/wp\/v2\/users\/1"}],"replies":[{"embeddable":true,"href":"http:\/\/www.jarnascout.se\/index.php?rest_route=%2Fwp%2Fv2%2Fcomments&post=693"}],"version-history":[{"count":4,"href":"http:\/\/www.jarnascout.se\/index.php?rest_route=\/wp\/v2\/pages\/693\/revisions"}],"predecessor-version":[{"id":736,"href":"http:\/\/www.jarnascout.se\/index.php?rest_route=\/wp\/v2\/pages\/693\/revisions\/736"}],"wp:attachment":[{"href":"http:\/\/www.jarnascout.se\/index.php?rest_route=%2Fwp%2Fv2%2Fmedia&parent=693"}],"curies":[{"name":"wp","href":"https:\/\/api.w.org\/{rel}","templated":true}]}}