{"id":691,"date":"2013-06-24T20:34:27","date_gmt":"2013-06-24T20:34:27","guid":{"rendered":"http:\/\/www.jarnascout.se\/?page_id=691"},"modified":"2026-03-25T11:47:40","modified_gmt":"2026-03-25T10:47:40","slug":"kontaktinformation","status":"publish","type":"page","link":"http:\/\/www.jarnascout.se\/?page_id=691","title":{"rendered":"Kontaktinformation"},"content":{"rendered":"\n<h3 class=\"wp-block-heading\"><figure><a href=\"https:\/\/maps.google.se\/maps?q=ljungstigen+13,+j%C3%A4rna&amp;ie=UTF8&amp;hnear=Ljungstigen+13,+153+36+J%C3%A4rna&amp;gl=se&amp;t=m&amp;z=18\" target=\"_blank\" rel=\"noopener noreferrer\"><img loading=\"lazy\" decoding=\"async\" src=\"http:\/\/www.jarnascout.se\/wp-content\/uploads\/2011\/02\/karta.png\" alt=\"\" width=\"322\" height=\"256\" border=\"0\"><\/a><\/figure><\/h3>\n\n\n\n<h3 class=\"wp-block-heading\">Adress (OBS, ingen utdelningsadress):<\/h3>\n\n\n\n<p>Ljungstigen 13<br>153 36 J\u00e4rna<br>E-post: <a href=\"mailto:ledarna@jarnascout.se\">ledarna@jarnascout.se<\/a><\/p>\n\n\n\n<p><a href=\"http:\/\/www.hitta.se\/LargeMap.aspx?z=1&amp;mp=%3Cpts%3E%3Cpt%20i%3D%22http%3A\/\/www.hitta.se\/images\/point.png%22%20y%3D%226553956%22%20x%3D%221600237%22%3E%3Ct%3EJ%E4rna%20Scoutk%E5r%3C\/t%3E%3C\/pt%3E%3C\/pts%3E\" target=\"_blank\" rel=\"noopener noreferrer\">L\u00e4nk p\u00e5 Hitta.se<\/a><\/p>\n\n\n\n<h3 class=\"wp-block-heading\">Fakturor:<\/h3>\n\n\n\n<p>Skickas till ekonomi@jarnascout.se<\/p>\n\n\n\n<h3 class=\"wp-block-heading\">Ordf\u00f6rande\/vice ordf\u00f6rande:<\/h3>\n\n\n\n<figure class=\"wp-block-table is-style-stripes\"><table><tbody><tr><td><a href=\"mailto:president@jarnascout.se\">Caronline Holmberg<\/a><\/td><td><\/td><\/tr><tr><td>Kristian \u00c4leg\u00e5rd<\/td><td><\/td><\/tr><\/tbody><\/table><\/figure>\n\n\n\n<h3 class=\"wp-block-heading\">Medlems\u00e4renden och fr\u00e5gor:<\/h3>\n\n\n\n<figure class=\"wp-block-table is-style-stripes\"><table><tbody><tr><td><a href=\"mailto:medlem@jarnascout.se\">Caroline Holmberg<\/a><\/td><td>070-0393377<\/td><\/tr><\/tbody><\/table><\/figure>\n\n\n\n<h3 class=\"wp-block-heading\">Ekonomifr\u00e5gor:<\/h3>\n\n\n\n<figure class=\"wp-block-table is-style-stripes\"><table><tbody><tr><td><a href=\"mailto:ekonomi@jarnascout.se\">Olivia Olsson<\/a><\/td><td>&nbsp;<\/td><\/tr><\/tbody><\/table><\/figure>\n\n\n\n<h3 class=\"wp-block-heading\">Ledare:<\/h3>\n\n\n\n<figure class=\"wp-block-table is-style-stripes\"><table><tbody><tr><td><strong>Sp\u00e5rarna<\/strong><\/td><td><\/td><\/tr><tr><td><a href=\"mailto:karin.low@telia.com\">Karin L\u00f6w<\/a><\/td><td> 070-35 44 611 <\/td><\/tr><tr><td>Kenny, Oscar, Ellie, Marianne<\/td><td><\/td><\/tr><tr><td><strong>Uppt\u00e4ckarna<\/strong><\/td><td><\/td><\/tr><tr><td>Michael, Jens, Kenny, Johan, Malin<\/td><td><\/td><\/tr><tr><td><strong>\u00c4ventyrarna<\/strong><\/td><td><\/td><\/tr><tr><td><a href=\"mailto:kristian.alegard@gmail.com\">Kristian \u00c4leg\u00e5rd<\/a><\/td><td> 070-590 65 33 <\/td><\/tr><tr><td>Lasse Rynekrona<\/td><td><\/td><\/tr><tr><td>Per Esselius<\/td><td><\/td><\/tr><tr><td><strong>Utmanarna<\/strong><\/td><td><\/td><\/tr><tr><td>Emrik K\u00e4llgren<\/td><td><\/td><\/tr><tr><td><\/td><td><\/td><\/tr><\/tbody><\/table><\/figure>\n\n\n\n<h4 class=\"wp-block-heading\">Rover<\/h4>\n\n\n\n<figure class=\"wp-block-table is-style-stripes\"><table><tbody><tr><td>Max Nyman\u00a0<\/td><td>&nbsp;<\/td><\/tr><tr><td>&nbsp;<\/td><td>&nbsp;<\/td><\/tr><tr><td>&nbsp;<\/td><td>&nbsp;<\/td><\/tr><\/tbody><\/table><\/figure>\n","protected":false},"excerpt":{"rendered":"<p>Adress (OBS, ingen utdelningsadress): Ljungstigen 13153 36 J\u00e4rnaE-post: ledarna@jarnascout.se L\u00e4nk p\u00e5 Hitta.se Fakturor: Skickas till ekonomi@jarnascout.se Ordf\u00f6rande\/vice ordf\u00f6rande: Caronline Holmberg Kristian \u00c4leg\u00e5rd Medlems\u00e4renden och fr\u00e5gor: Caroline Holmberg 070-0393377 Ekonomifr\u00e5gor: Olivia Olsson &nbsp; Ledare: Sp\u00e5rarna Karin L\u00f6w 070-35 44 611 Kenny, Oscar, Ellie, Marianne Uppt\u00e4ckarna Michael, Jens, Kenny, Johan, Malin \u00c4ventyrarna Kristian \u00c4leg\u00e5rd 070-590 65 33&#8230; <a href=\"http:\/\/www.jarnascout.se\/?page_id=691\">Read more: Kontaktinformation<\/a><\/p>\n","protected":false},"author":1,"featured_media":0,"parent":0,"menu_order":0,"comment_status":"open","ping_status":"open","template":"","meta":{"footnotes":""},"class_list":["post-691","page","type-page","status-publish","hentry"],"_links":{"self":[{"href":"http:\/\/www.jarnascout.se\/index.php?rest_route=\/wp\/v2\/pages\/691","targetHints":{"allow":["GET"]}}],"collection":[{"href":"http:\/\/www.jarnascout.se\/index.php?rest_route=\/wp\/v2\/pages"}],"about":[{"href":"http:\/\/www.jarnascout.se\/index.php?rest_route=\/wp\/v2\/types\/page"}],"author":[{"embeddable":true,"href":"http:\/\/www.jarnascout.se\/index.php?rest_route=\/wp\/v2\/users\/1"}],"replies":[{"embeddable":true,"href":"http:\/\/www.jarnascout.se\/index.php?rest_route=%2Fwp%2Fv2%2Fcomments&post=691"}],"version-history":[{"count":31,"href":"http:\/\/www.jarnascout.se\/index.php?rest_route=\/wp\/v2\/pages\/691\/revisions"}],"predecessor-version":[{"id":2070,"href":"http:\/\/www.jarnascout.se\/index.php?rest_route=\/wp\/v2\/pages\/691\/revisions\/2070"}],"wp:attachment":[{"href":"http:\/\/www.jarnascout.se\/index.php?rest_route=%2Fwp%2Fv2%2Fmedia&parent=691"}],"curies":[{"name":"wp","href":"https:\/\/api.w.org\/{rel}","templated":true}]}}