{"id":677,"date":"2013-06-24T20:30:24","date_gmt":"2013-06-24T20:30:24","guid":{"rendered":"http:\/\/www.jarnascout.se\/?page_id=677"},"modified":"2013-06-24T20:30:24","modified_gmt":"2013-06-24T20:30:24","slug":"anmalan","status":"publish","type":"page","link":"http:\/\/www.jarnascout.se\/?page_id=677","title":{"rendered":"Anm\u00e4lan"},"content":{"rendered":"<p>Anm\u00e4lan online till k\u00e5ren g\u00f6r du <a href=\"anmalform\/anmalan.html\" target=\"_blank\">h\u00e4r<\/a>.<\/p>\n<p>Pappersversion hittar du <a href=\"info\/KARANMALAN_2009.doc\" target=\"_blank\">h\u00e4r <img decoding=\"async\" alt=\"\" src=\"http:\/\/www.jarnascout.se\/wp-content\/uploads\/2011\/02\/icon_docx.png\" border=\"0\" \/><\/a>.<\/p>\n","protected":false},"excerpt":{"rendered":"<p>Anm\u00e4lan online till k\u00e5ren g\u00f6r du h\u00e4r. Pappersversion hittar du h\u00e4r .<\/p>\n","protected":false},"author":1,"featured_media":0,"parent":0,"menu_order":0,"comment_status":"open","ping_status":"open","template":"","meta":{"footnotes":""},"class_list":["post-677","page","type-page","status-publish","hentry"],"_links":{"self":[{"href":"http:\/\/www.jarnascout.se\/index.php?rest_route=\/wp\/v2\/pages\/677","targetHints":{"allow":["GET"]}}],"collection":[{"href":"http:\/\/www.jarnascout.se\/index.php?rest_route=\/wp\/v2\/pages"}],"about":[{"href":"http:\/\/www.jarnascout.se\/index.php?rest_route=\/wp\/v2\/types\/page"}],"author":[{"embeddable":true,"href":"http:\/\/www.jarnascout.se\/index.php?rest_route=\/wp\/v2\/users\/1"}],"replies":[{"embeddable":true,"href":"http:\/\/www.jarnascout.se\/index.php?rest_route=%2Fwp%2Fv2%2Fcomments&post=677"}],"version-history":[{"count":2,"href":"http:\/\/www.jarnascout.se\/index.php?rest_route=\/wp\/v2\/pages\/677\/revisions"}],"predecessor-version":[{"id":1734,"href":"http:\/\/www.jarnascout.se\/index.php?rest_route=\/wp\/v2\/pages\/677\/revisions\/1734"}],"wp:attachment":[{"href":"http:\/\/www.jarnascout.se\/index.php?rest_route=%2Fwp%2Fv2%2Fmedia&parent=677"}],"curies":[{"name":"wp","href":"https:\/\/api.w.org\/{rel}","templated":true}]}}