{"id":666,"date":"2013-06-24T20:22:19","date_gmt":"2013-06-24T20:22:19","guid":{"rendered":"http:\/\/www.jarnascout.se\/?page_id=666"},"modified":"2013-08-13T12:02:42","modified_gmt":"2013-08-13T11:02:42","slug":"packlista","status":"publish","type":"page","link":"http:\/\/www.jarnascout.se\/?page_id=666","title":{"rendered":"Packlista"},"content":{"rendered":"<h2>Packlista<\/h2>\n<h2>Grundpackning (beh\u00f6vs alltid)<\/h2>\n<ul>\n<li>Ryggs\u00e4ck (inga kassar)<\/li>\n<li>Sovs\u00e4ck (anpassad efter temperaturen)<\/li>\n<li>Liggunderlag<\/li>\n<li>Sittunderlag<\/li>\n<li>Varm tr\u00f6ja<\/li>\n<li>Vindt\u00e4t jacka<\/li>\n<li>Regnkl\u00e4der<\/li>\n<li>St\u00f6vlar<\/li>\n<li>Strumpor, sockor<\/li>\n<li>Grova skor (typ k\u00e4ngor\/gympaskor)<\/li>\n<li>Underkl\u00e4der<\/li>\n<li>L\u00e5ngbyxor (typ jeans)<\/li>\n<li>Extra tr\u00f6jor (college, t-shirt)<\/li>\n<li>Scoutskjorta och halsduk<\/li>\n<li>Toalettsaker (tandborste, tv\u00e5l, liten handduk)<\/li>\n<li>Matsaker i matp\u00e5sen (tallrik, k\u00e5sa eller mugg, bestick och k\u00f6kshandduk)<\/li>\n<li>Liten vattenflaska<\/li>\n<li>Nattkl\u00e4der<\/li>\n<li>Ficklampa\/pannlampa<\/li>\n<li>Ev. medicin<\/li>\n<\/ul>\n<h2>Till\u00e4gg sommar<\/h2>\n<ul>\n<li>Badkl\u00e4der<\/li>\n<li>Badlakan<\/li>\n<li>Keps (bra att ha vid sol)<\/li>\n<li>Kortbyxor<\/li>\n<li>Solskyddsmedel<\/li>\n<\/ul>\n<h2>Till\u00e4gg Vinter<\/h2>\n<ul>\n<li>Vantar, m\u00f6ssa<\/li>\n<li>Underst\u00e4ll (typ l\u00e5ngkalsonger)<\/li>\n<li>Sockor (varma strumpor)<\/li>\n<\/ul>\n<h2>Bra-att-ha saker<\/h2>\n<ul>\n<li>Penna och papper<\/li>\n<li>Kikare (om du har och f\u00e5r ta med)<\/li>\n<li>Kamera (om du f\u00e5r ta med)<\/li>\n<li>Liten borste f\u00f6r att borsta bort sn\u00f6\/sand<\/li>\n<\/ul>\n<p>Tips: <strong>Packa g\u00e4rna ett komplett ombyte helt vattent\u00e4tt i ryggs\u00e4cken!<\/strong><\/p>\n<h2>Undvik att ta med<\/h2>\n<ul>\n<li>Godis<\/li>\n<li>Mobiltelefon (ledarna har om man beh\u00f6ver ringa)<\/li>\n<li>Bandspelare, radio, mp3-spelare eller liknande.<\/li>\n<li>Ledarna tar inte ansvar f\u00f6r elektronik som \u00e4r med p\u00e5 l\u00e4gret.<\/li>\n<\/ul>\n","protected":false},"excerpt":{"rendered":"<p>Packlista Grundpackning (beh\u00f6vs alltid) Ryggs\u00e4ck (inga kassar) Sovs\u00e4ck (anpassad efter temperaturen) Liggunderlag Sittunderlag Varm tr\u00f6ja Vindt\u00e4t jacka Regnkl\u00e4der St\u00f6vlar Strumpor, sockor Grova skor (typ k\u00e4ngor\/gympaskor) Underkl\u00e4der L\u00e5ngbyxor (typ jeans) Extra tr\u00f6jor (college, t-shirt) Scoutskjorta och halsduk Toalettsaker (tandborste, tv\u00e5l, liten handduk) Matsaker i matp\u00e5sen (tallrik, k\u00e5sa eller mugg, bestick och k\u00f6kshandduk) Liten vattenflaska Nattkl\u00e4der Ficklampa\/pannlampa&#8230; <a href=\"http:\/\/www.jarnascout.se\/?page_id=666\">Read more: Packlista<\/a><\/p>\n","protected":false},"author":1,"featured_media":0,"parent":0,"menu_order":0,"comment_status":"open","ping_status":"open","template":"","meta":{"footnotes":""},"class_list":["post-666","page","type-page","status-publish","hentry"],"_links":{"self":[{"href":"http:\/\/www.jarnascout.se\/index.php?rest_route=\/wp\/v2\/pages\/666","targetHints":{"allow":["GET"]}}],"collection":[{"href":"http:\/\/www.jarnascout.se\/index.php?rest_route=\/wp\/v2\/pages"}],"about":[{"href":"http:\/\/www.jarnascout.se\/index.php?rest_route=\/wp\/v2\/types\/page"}],"author":[{"embeddable":true,"href":"http:\/\/www.jarnascout.se\/index.php?rest_route=\/wp\/v2\/users\/1"}],"replies":[{"embeddable":true,"href":"http:\/\/www.jarnascout.se\/index.php?rest_route=%2Fwp%2Fv2%2Fcomments&post=666"}],"version-history":[{"count":3,"href":"http:\/\/www.jarnascout.se\/index.php?rest_route=\/wp\/v2\/pages\/666\/revisions"}],"predecessor-version":[{"id":724,"href":"http:\/\/www.jarnascout.se\/index.php?rest_route=\/wp\/v2\/pages\/666\/revisions\/724"}],"wp:attachment":[{"href":"http:\/\/www.jarnascout.se\/index.php?rest_route=%2Fwp%2Fv2%2Fmedia&parent=666"}],"curies":[{"name":"wp","href":"https:\/\/api.w.org\/{rel}","templated":true}]}}